{"id":177,"date":"2018-03-08T08:47:59","date_gmt":"2018-03-08T08:47:59","guid":{"rendered":"https:\/\/elitetaximadrid.org\/es\/?page_id=177"},"modified":"2021-12-02T09:25:24","modified_gmt":"2021-12-02T09:25:24","slug":"inicio-2","status":"publish","type":"page","link":"https:\/\/elitetaximadrid.org\/es\/inicio-2\/","title":{"rendered":"Inicio"},"content":{"rendered":"<div class=\"eds-animate animated zoomInRight\" data-eds-entry-animation=\"zoomInRight\" data-eds-entry-delay=\"0\" data-eds-entry-duration=\"1.5\" data-eds-entry-timing=\"linear\" data-eds-exit-animation=\"\" data-eds-exit-delay=\"\" data-eds-exit-duration=\"\" data-eds-exit-timing=\"\" data-eds-repeat-count=\"1\" data-eds-keep=\"yes\" data-eds-animate-on=\"load\" data-eds-scroll-offset=\"\">\n<p><strong>TRABAJAMOS POR Y PARA<\/strong>.<\/p>\n<p>NOS QUEDA MUCHO CAMINO, Y AQUI, TODOS SOMOS IMPORTANTES<\/p>\n<p><img data-opt-id=193906523  fetchpriority=\"high\" decoding=\"async\" class=\"size-medium wp-image-144 aligncenter\" src=\"https:\/\/mlkrcyb4jtti.i.optimole.com\/w:197\/h:300\/q:mauto\/ig:avif\/https:\/\/elitetaximadrid.org\/es\/wp-content\/uploads\/2018\/03\/inicio.jpg\" alt=\"\" width=\"197\" height=\"300\" \/><\/p>\n<p>T\u00fa formas parte de la familia <strong>\u00c9LITE TAXI MADRID<\/strong>.<\/p>\n<p>Bienvenid@s a nuestra website.<\/p>\n<p>La Asociaci\u00f3n Elite Taxi Madrid (AETM) se funda en Septiembre de 2014, con el objetivo de luchar contra la pirater\u00eda, el intrusismo, las malas praxis, y salvaguardar todo lo inherente a nuestra profesi\u00f3n ya centenaria.<\/p>\n<p><strong>A.E.T.M. tiene su origen en la MANIFESTACI\u00d3N del taxi del 11 de Junio de 2014, en la que se demostr\u00f3 que la lucha con UNI\u00d3N da sus frutos. <\/strong><\/p>\n<p>Un grupo de 25 taxistas madrile\u00f1os viajaron a Barcelona para apoyar \u00a0a los Compa\u00f1eros de la ciudad Condal, que ve\u00edan at\u00f3nitos como conductores PIRATAS, apoy\u00e1ndose en una APP disruptiva,\u00a0 estaban inundando sus calles sin que la Administraci\u00f3n hiciera nada para evitarlo.<\/p>\n<p>Desde Madrid asistimos perplejos a ese sentimiento de unidad y compa\u00f1erismo, de orgullo por la profesi\u00f3n y de indignaci\u00f3n por lo injusto de la situaci\u00f3n, donde conductores sin ning\u00fan tipo de preparaci\u00f3n profesional ni autorizaci\u00f3n administrativa pretend\u00edan sustituir a todos los profesionales del Taxi.<\/p>\n<p>Ese grupo de compa\u00f1eros original decidi\u00f3 en Asamblea la constituci\u00f3n de la <strong>ASOCIACI\u00d3N ELITE MADRID<\/strong>\u00a0porque entend\u00edamos que el resto de Asociaciones ya establecidas estaban demasiado c\u00f3modas en su sill\u00f3n y no actuaban con la contundencia que la situaci\u00f3n requer\u00eda.<\/p>\n<p>En nuestro breve bagaje ya hemos conseguido varios objetivos, siendo el primero el <strong>reconocimiento por parte del Colectivo que ve nuestra lucha constante contra todo lo ilegal, tanto a nivel interno como externo.<\/strong><\/p>\n<p>Nos queda mucho camino por recorrer y aqu\u00ed todos somos importantes, <strong>T\u00da formas parte de la familia \u00c9LITE TAXI MADRID si consideras que la UNI\u00d3N en la lucha es fundamental y que debemos pelear para conseguir un futuro mejor para el TAXI. <\/strong><\/p>\n<p><strong>Los cargos electos de AETM han sido elegidos de manera democr\u00e1tica seg\u00fan marcan sus Estatutos<\/strong> y la peculiaridad de nuestra Asociaci\u00f3n es que <strong>no hay por su trabajo compensaci\u00f3n econ\u00f3mica alguna<\/strong>, es decir, <strong>se trabaja y se emplea el tiempo por y para el colectivo de manera altruista<\/strong>, obteniendo los ingresos necesarios por las donaciones que nos hac\u00e9is llegar.<\/p>\n<p>Como veis necesitamos de multitud de recursos para\u00a0 <strong>luchar contra esas grandes MULTINACIONALES<\/strong> \u00a0que, a trav\u00e9s de mentiras y de palabras rebuscadas como <strong><em>ecomerce, econom\u00eda colaborativa<\/em><\/strong>, etc. <strong>expolian los sistemas b\u00e1sicos de los pa\u00edses donde se establecen<\/strong>.<\/p>\n<p>Esta web la iremos remodelando a medida que vayan surgiendo necesidades, y tratar\u00e1 de ser lo m\u00e1s din\u00e1mica posible a la vez que esperemos pueda ser de gran utilidad.<\/p>\n<p>Gracias por tu visita.<\/p>\n<p><strong>ELITE TAXI MADRID\u2026. Por y para<\/strong><\/p>\n<p>&nbsp;<\/p>\n<\/div>\n<div class=\"eds-animate animated zoomInDown\" data-eds-entry-animation=\"zoomInDown\" data-eds-entry-delay=\"2\" data-eds-entry-duration=\"2\" data-eds-entry-timing=\"linear\" data-eds-exit-animation=\"\" data-eds-exit-delay=\"\" data-eds-exit-duration=\"\" data-eds-exit-timing=\"\" data-eds-repeat-count=\"1\" data-eds-keep=\"yes\" data-eds-animate-on=\"load\" data-eds-scroll-offset=\"\"><\/div>\n<div data-eds-entry-animation=\"zoomInDown\" data-eds-entry-delay=\"2\" data-eds-entry-duration=\"2\" data-eds-entry-timing=\"linear\" data-eds-exit-animation=\"\" data-eds-exit-delay=\"\" data-eds-exit-duration=\"\" data-eds-exit-timing=\"\" data-eds-repeat-count=\"1\" data-eds-keep=\"yes\" data-eds-animate-on=\"load\" data-eds-scroll-offset=\"\"><\/div>\n<div class=\"eds-animate animated bounceInLeft\" data-eds-entry-animation=\"bounceInLeft\" data-eds-entry-delay=\"4\" data-eds-entry-duration=\"3\" data-eds-entry-timing=\"linear\" data-eds-exit-animation=\"\" data-eds-exit-delay=\"\" data-eds-exit-duration=\"\" data-eds-exit-timing=\"\" data-eds-repeat-count=\"1\" data-eds-keep=\"yes\" data-eds-animate-on=\"load\" data-eds-scroll-offset=\"\"><\/div>\n<div class=\"eds-animate animated flash\" data-eds-entry-animation=\"bounceInRight\" data-eds-entry-delay=\"6\" data-eds-entry-duration=\"2\" data-eds-entry-timing=\"linear\" data-eds-exit-animation=\"flash\" data-eds-exit-delay=\"0.5\" data-eds-exit-duration=\"1.5\" data-eds-exit-timing=\"linear\" data-eds-repeat-count=\"1\" data-eds-keep=\"yes\" data-eds-animate-on=\"load\" data-eds-scroll-offset=\"\"><\/div>\n<div class=\"eds-animate animated bounceInUp\" data-eds-entry-animation=\"bounceInUp\" data-eds-entry-delay=\"10\" data-eds-entry-duration=\"2\" data-eds-entry-timing=\"linear\" data-eds-exit-animation=\"\" data-eds-exit-delay=\"\" data-eds-exit-duration=\"\" data-eds-exit-timing=\"\" data-eds-repeat-count=\"1\" data-eds-keep=\"yes\" data-eds-animate-on=\"load\" data-eds-scroll-offset=\"\">\n<p>&nbsp;<\/p>\n<p>&nbsp;<\/p>\n<\/div>\n","protected":false},"excerpt":{"rendered":"<p>TRABAJAMOS POR Y PARA. NOS QUEDA MUCHO CAMINO, Y AQUI, TODOS SOMOS IMPORTANTES T\u00fa formas parte de la familia \u00c9LITE TAXI MADRID. Bienvenid@s a nuestra website. La Asociaci\u00f3n Elite Taxi Madrid (AETM) se funda en Septiembre de 2014, con el objetivo de luchar contra la pirater\u00eda, el intrusismo, las malas [&hellip;]<\/p>\n","protected":false},"author":2,"featured_media":0,"parent":0,"menu_order":0,"comment_status":"closed","ping_status":"closed","template":"","meta":{"_themeisle_gutenberg_block_has_review":false,"footnotes":""},"class_list":["post-177","page","type-page","status-publish","hentry"],"_links":{"self":[{"href":"https:\/\/elitetaximadrid.org\/es\/wp-json\/wp\/v2\/pages\/177","targetHints":{"allow":["GET"]}}],"collection":[{"href":"https:\/\/elitetaximadrid.org\/es\/wp-json\/wp\/v2\/pages"}],"about":[{"href":"https:\/\/elitetaximadrid.org\/es\/wp-json\/wp\/v2\/types\/page"}],"author":[{"embeddable":true,"href":"https:\/\/elitetaximadrid.org\/es\/wp-json\/wp\/v2\/users\/2"}],"replies":[{"embeddable":true,"href":"https:\/\/elitetaximadrid.org\/es\/wp-json\/wp\/v2\/comments?post=177"}],"version-history":[{"count":0,"href":"https:\/\/elitetaximadrid.org\/es\/wp-json\/wp\/v2\/pages\/177\/revisions"}],"wp:attachment":[{"href":"https:\/\/elitetaximadrid.org\/es\/wp-json\/wp\/v2\/media?parent=177"}],"curies":[{"name":"wp","href":"https:\/\/api.w.org\/{rel}","templated":true}]}}