{"id":573,"date":"2021-02-03T13:25:59","date_gmt":"2021-02-03T13:25:59","guid":{"rendered":"https:\/\/elitetaximadrid.org\/es\/?page_id=573"},"modified":"2021-12-02T09:23:19","modified_gmt":"2021-12-02T09:23:19","slug":"aviso-legal","status":"publish","type":"page","link":"https:\/\/elitetaximadrid.org\/es\/aviso-legal\/","title":{"rendered":"Aviso Legal"},"content":{"rendered":"\n<p>El <strong>Aviso Legal<\/strong> contiene la <strong>informaci\u00f3n m\u00ednima necesaria<\/strong> para que el <strong>usuario<\/strong> que visita la p\u00e1gina web conozca <strong>qui\u00e9n es la organizaci\u00f3n titular del sitio web, <\/strong>es decir, la entidad que se encuentra detr\u00e1s de la misma.<\/p>\n\n\n\n<p>Esta cl\u00e1usula facilitada en forma de tabla deber\u00e1 ser incorporada en la p\u00e1gina web de las empresas siempre que <strong>faciliten, publiciten u ofrezcan un determinado producto o servicio<\/strong>. \u00danicamente quedar\u00e1n excluidos de tal obligaci\u00f3n blogs o p\u00e1ginas que no realicen ning\u00fan tipo de actividad comercial.<\/p>\n\n\n\n<p>Est\u00e1 cl\u00e1usula debe estar <strong>disponible desde todas las pesta\u00f1as<\/strong> de la p\u00e1gina web.<\/p>\n\n\n\n<p>Adem\u00e1s de facilitar la informaci\u00f3n b\u00e1sica identificativa de la empresa, se pueden <strong>a\u00f1adir m\u00faltiples cl\u00e1usulas<\/strong> no relacionadas estrictamente con la protecci\u00f3n de datos o con la normativa sobre comercio electr\u00f3nico y servicios de la sociedad de la informaci\u00f3n, sino con otras materias como propiedad intelectual, propiedad industrial, etc.<\/p>\n\n\n\n<p><strong>TITULAR DEL SITIO WEB<\/strong><br><strong>DENOMINACI\u00d3N SOCIAL:<\/strong> ASOCIACI\u00d3N \u00c9LITE TAXI MADRID<br><strong>NIF:<\/strong> G87104113<br><strong>DOMICILIO SOCIAL:<\/strong> C\/ Jose Mar\u00eda de Pereda 56, 28017 Madrid<br><strong>CONTACTO:<\/strong> Tel\u00e9fono: 915157194, Email: info@elitetaximadrid.org<br><strong>DATOS DE INSCRIPCI\u00d3N<\/strong> (0, CUANDO PROCEDA, COLEGIACI\u00d3N)<\/p>\n","protected":false},"excerpt":{"rendered":"<p>El Aviso Legal contiene la informaci\u00f3n m\u00ednima necesaria para que el usuario que visita la p\u00e1gina web conozca qui\u00e9n es la organizaci\u00f3n titular del sitio web, es decir, la entidad que se encuentra detr\u00e1s de la misma. Esta cl\u00e1usula facilitada en forma de tabla deber\u00e1 ser incorporada en la p\u00e1gina [&hellip;]<\/p>\n","protected":false},"author":2,"featured_media":0,"parent":0,"menu_order":0,"comment_status":"closed","ping_status":"closed","template":"","meta":{"_themeisle_gutenberg_block_has_review":false,"footnotes":""},"class_list":["post-573","page","type-page","status-publish","hentry"],"_links":{"self":[{"href":"https:\/\/elitetaximadrid.org\/es\/wp-json\/wp\/v2\/pages\/573","targetHints":{"allow":["GET"]}}],"collection":[{"href":"https:\/\/elitetaximadrid.org\/es\/wp-json\/wp\/v2\/pages"}],"about":[{"href":"https:\/\/elitetaximadrid.org\/es\/wp-json\/wp\/v2\/types\/page"}],"author":[{"embeddable":true,"href":"https:\/\/elitetaximadrid.org\/es\/wp-json\/wp\/v2\/users\/2"}],"replies":[{"embeddable":true,"href":"https:\/\/elitetaximadrid.org\/es\/wp-json\/wp\/v2\/comments?post=573"}],"version-history":[{"count":0,"href":"https:\/\/elitetaximadrid.org\/es\/wp-json\/wp\/v2\/pages\/573\/revisions"}],"wp:attachment":[{"href":"https:\/\/elitetaximadrid.org\/es\/wp-json\/wp\/v2\/media?parent=573"}],"curies":[{"name":"wp","href":"https:\/\/api.w.org\/{rel}","templated":true}]}}