{"id":575,"date":"2021-02-03T13:30:32","date_gmt":"2021-02-03T13:30:32","guid":{"rendered":"https:\/\/elitetaximadrid.org\/es\/?page_id=575"},"modified":"2021-12-02T09:25:38","modified_gmt":"2021-12-02T09:25:38","slug":"politica-de-privacidad","status":"publish","type":"page","link":"https:\/\/elitetaximadrid.org\/es\/politica-de-privacidad\/","title":{"rendered":"Pol\u00edtica de Privacidad"},"content":{"rendered":"\n<p>La Pol\u00edtica de Privacidad es un texto legal que debe implantarse en <strong>aquellas p\u00e1ginas web que recaben datos de car\u00e1cter personal<\/strong> a trav\u00e9s de mecanismos tales como formularios de contacto, formularios de registro, formulario a rellenar con los datos bancarios antes de realizar una compra online, newsletter, etc. <strong>Este texto detalla<\/strong>, al igual que ya ocurr\u00eda con la cl\u00e1usula informativa, <strong>de qu\u00e9 manera la organizaci\u00f3n titular de la p\u00e1gina web maneja la informaci\u00f3n<\/strong> de sus clientes, proveedores o empleados, con qu\u00e9 finalidad, usos, etc.<\/p>\n\n\n\n<p><strong>Pol\u00edtica de Privacidad (1\u00aa capa<\/strong>). La primera capa contiene <strong>informaci\u00f3n b\u00e1sica<\/strong>. Esta informaci\u00f3n en forma de tabla deber\u00e1 <strong>facilitarse de forma inicial al enviar los datos personales<\/strong> a trav\u00e9s de la p\u00e1gina web. Es importante habilitar herramientas que impida al usuario enviar sus datos personales a no ser que haga clic en la casilla de \u201cHe le\u00eddo y acepto la Pol\u00edtica de Privacidad\u201d. Esta casilla en ning\u00fan caso podr\u00e1 aparecer premarcada.<\/p>\n\n\n\n<p><strong>Pol\u00edtica de Privacidad \u00edntegra (2\u00aa capa)<\/strong>. La segunda capa contiene una informaci\u00f3n m\u00e1s completa. En ella se desarrolla de forma m\u00e1s exhaustiva las finalidades, usos, periodo de conservaci\u00f3n de los datos, etc. Esta informaci\u00f3n deber\u00e1 <strong>estar accesible<\/strong>:<\/p>\n\n\n\n<ul class=\"wp-block-list\"><li>Pinchando en un enlace habilitado a tal efecto en la 1\u00aa capa.<\/li><li>Desde una pesta\u00f1a gen\u00e9rica que aparezca no s\u00f3lo en la p\u00e1gina principal de la p\u00e1gina web sino tambi\u00e9n en las restantes subp\u00e1ginas, como ocurre con el Aviso Legal.<\/li><\/ul>\n\n\n\n<p><\/p>\n\n\n\n<figure class=\"wp-block-table\"><table><tbody><tr><td><strong>INFORMACI\u00d3N B\u00c1SICA SOBRE PROTECCI\u00d3N DE DATOS<\/strong><\/td><\/tr><tr><td><strong>RESPONSABLE<\/strong><\/td><td><strong>ASOCIACI\u00d3N \u00c9LITE TAXI MADRID\/ G87104113 \/ C\/ Jos\u00e9 Mar\u00eda de Pereda 56, 28017 Madrid \/ <\/strong><a href=\"mailto:secretaria@elitetaximadrid.org\"><strong>secretaria@elitetaximadrid.org<\/strong><\/a><strong> \/ 915157194<\/strong><\/td><\/tr><tr><td><strong>FINALIDAD PRINCIPAL<\/strong><\/td><td>Gestionar la potencial relaci\u00f3n comercial\/profesional. Atender las consultas o remitir la informaci\u00f3n que nos solicita.<\/td><\/tr><tr><td><strong>DERECHOS<\/strong><\/td><td>Acceso, rectificaci\u00f3n, supresi\u00f3n y portabilidad de sus datos, de limitaci\u00f3n y oposici\u00f3n a su tratamiento, as\u00ed como a no ser objeto de decisiones basadas \u00fanicamente en el tratamiento automatizado de sus datos, cuando procedan.<\/td><\/tr><tr><td><strong>INFORMACI\u00d3N ADICIONAL<\/strong><\/td><td>Puede consultar la informaci\u00f3n adicional y detallada sobre nuestra Pol\u00edtica de Privacidad en (indicar link al texto de la Pol\u00edtica de Privacidad)<\/td><\/tr><\/tbody><\/table><\/figure>\n\n\n\n<p>Siguiendo los principios de licitud, lealtad y transparencia, ponemos a su disposici\u00f3n la presente Pol\u00edtica de Privacidad.<\/p>\n\n\n\n<p><strong>\u00bfQui\u00e9n es el Responsable del tratamiento de sus datos?<\/strong><\/p>\n\n\n\n<figure class=\"wp-block-table\"><table><tbody><tr><td><strong>RESPONSABLE<\/strong><\/td><td><strong>ASOCIACI\u00d3N \u00c9LITE TAXI MADRID<\/strong><strong><\/strong><\/td><\/tr><tr><td><strong>NIF<\/strong><\/td><td><strong>G87104113<\/strong><\/td><\/tr><tr><td><strong>DOMICILIO SOCIAL<\/strong><\/td><td><strong>C\/ Jos\u00e9 Mar\u00eda de Pereda 56, 28017 Madrid<\/strong><\/td><\/tr><tr><td><strong>CONTACTO<\/strong><\/td><td>Email<\/td><td><a href=\"mailto:secretaria@elitetaximadrid.org\"><strong>secretaria@elitetaximadrid.org<\/strong><\/a><strong><\/strong><\/td><\/tr><tr><td>Tel\u00e9fono<\/td><td><strong>915157194<\/strong><\/td><\/tr><\/tbody><\/table><\/figure>\n\n\n\n<p><strong>\u00bfCon qu\u00e9 finalidad tratamos sus datos personales?<\/strong><\/p>\n\n\n\n<p>En <strong>ASOCIACI\u00d3N \u00c9LITE TAXI MADRID<\/strong>, dependiendo de la categor\u00eda de interesado de que se trate, tratamos la informaci\u00f3n que nos facilita con las siguientes finalidades:<\/p>\n\n\n\n<figure class=\"wp-block-table\"><table><tbody><tr><td><strong>INTERESADOS<\/strong><\/td><td><strong>FINALIDADES DEL TRATAMIENTO<\/strong><\/td><\/tr><tr><td><strong>POTENCIALES CLIENTES<\/strong><\/td><td>Gestionar la potencial relaci\u00f3n comercial y\/o profesional, gestionar el env\u00edo de informaci\u00f3n solicitada y\/o resolver las consultas planteadas, facilitar ofertas de nuestros servicios y\/o productos de su inter\u00e9s.<\/td><\/tr><tr><td><strong>CLIENTES<\/strong><\/td><td>Gestionar la relaci\u00f3n comercial y\/o profesional, facilitar ofertas de nuestros servicios y\/o productos de su inter\u00e9s.<\/td><\/tr><tr><td><strong>PROVEEDORES<\/strong><\/td><td>Gestionar la relaci\u00f3n comercial y\/o profesional.<\/td><\/tr><tr><td><strong>CANDIDATOS<\/strong><\/td><td>Gestionar el proceso de selecci\u00f3n de personal.<\/td><\/tr><tr><td><strong>USUARIOS WEB<\/strong><\/td><td>Gestionar el an\u00e1lisis de sus datos de navegaci\u00f3n.<\/td><\/tr><\/tbody><\/table><\/figure>\n\n\n\n<p><strong>\u00bfCu\u00e1l es la legitimaci\u00f3n para el tratamiento de sus datos?<\/strong><\/p>\n\n\n\n<p>La base legal para el tratamiento de sus datos personales, dependiendo de la categor\u00eda de interesado de que se trate, puede ser:<\/p>\n\n\n\n<figure class=\"wp-block-table\"><table><tbody><tr><td><strong>INTERESADOS<\/strong><\/td><td><strong>BASE LEGAL<\/strong><\/td><\/tr><tr><td><strong>POTENCIALES CLIENTES<\/strong><\/td><td>Art. 6.1.b RGPD: aplicaci\u00f3n, a petici\u00f3n del interesado, de medidas precontractuales (presupuestos, hojas de encargo, ofertas de servicios\u2026).<\/td><\/tr><tr><td>Art. 6.1.f RGPD: Inter\u00e9s leg\u00edtimo (enviar informaci\u00f3n solicitada, responder a las consultas planteadas\u2026).<\/td><\/tr><tr><td>Art. 6.1.a RGPD: consentimiento del propio interesado (facilitar ofertas de nuestros servicios y\/o productos).<\/td><\/tr><tr><td><strong>CLIENTES<\/strong><\/td><td>Art. 6.1.b RGPD: ejecuci\u00f3n de un contrato en el que el interesado es parte.<\/td><\/tr><tr><td><strong>PROVEEDORES<\/strong><\/td><td>Art. 6.1.b RGPD: ejecuci\u00f3n de un contrato en el que el interesado es parte.<\/td><\/tr><tr><td><strong>CANDIDATOS<\/strong><\/td><td>Art. 6.1.a RGPD: consentimiento del propio interesado.<\/td><\/tr><tr><td><strong>USUARIOS WEB<\/strong><\/td><td>Art. 6.1.a RGPD: consentimiento del propio interesado.<\/td><\/tr><\/tbody><\/table><\/figure>\n\n\n\n<p>Los datos que le solicitamos son adecuados, pertinentes y estrictamente necesarios y en ning\u00fan caso est\u00e1 obligado a facilit\u00e1rnoslos, pero su no comunicaci\u00f3n podr\u00e1 afectar a la finalidad del servicio o la imposibilidad de prestarlo.<\/p>\n\n\n\n<p>\u00bfPor cu\u00e1nto tiempo conservaremos sus datos personales?<\/p>\n\n\n\n<p>Sus datos, ser\u00e1n conservados el tiempo m\u00ednimo necesario para la correcta prestaci\u00f3n del servicio ofrecido as\u00ed como para atender las responsabilidades que se pudieran derivar del mismo y de cualquier otra exigencia legal.<\/p>\n\n\n\n<p>\u00bfA qu\u00e9 destinatarios se comunicar\u00e1n sus datos? (<em>elegir una opci\u00f3n, eliminar la otra)<\/em><\/p>\n\n\n\n<p>Opci\u00f3n 1: <strong>ASOCIACI\u00d3N \u00c9LITE TAXI MADRID <\/strong>no comunicar\u00e1 sus datos a ning\u00fan tercero, salvo que se informe de ello expresamente.<\/p>\n\n\n\n<p>Adicionalmente le informamos que determinados datos, en virtud de la normativa vigente o de la relaci\u00f3n contractual que mantenga con <strong>ASOCIACI\u00d3N \u00c9LITE TAXI MADRID<\/strong>, podr\u00e1n ser comunicados a:<\/p>\n\n\n\n<ul class=\"wp-block-list\"><li>Los bancos y entidades financieras para el cobro de los servicios contratados y\/o productos comprados.<\/li><li>Administraciones p\u00fablicas con competencia en los sectores de la actividad de <strong>ASOCIACI\u00d3N \u00c9LITE TAXI MADRID<\/strong>, cuando as\u00ed lo establezca la normativa vigente.<\/li><\/ul>\n\n\n\n<p><strong>\u00bfCu\u00e1les son sus derechos cuando nos facilita sus datos?<\/strong><\/p>\n\n\n\n<p>Los derechos de protecci\u00f3n de datos que podr\u00e1n ejercer los interesados, cuando procedan, son:<\/p>\n\n\n\n<ul class=\"wp-block-list\"><li>Derecho a solicitar el acceso a los datos personales relativos al interesado.<\/li><li>Derecho de rectificaci\u00f3n o supresi\u00f3n.<\/li><li>Derecho de oposici\u00f3n.<\/li><li>Derecho a solicitar la limitaci\u00f3n de su tratamiento.<\/li><li>Derecho a la portabilidad de los datos.<\/li><li>Derecho a no ser objeto de decisiones basadas \u00fanicamente en el tratamiento automatizado de datos.<\/li><\/ul>\n\n\n\n<p>Los titulares de los datos personales obtenidos, podr\u00e1n ejercer sus derechos de protecci\u00f3n de datos personales dirigiendo una comunicaci\u00f3n por escrito al domicilio social de <strong>ASOCIACI\u00d3N \u00c9LITE TAXI MADRID <\/strong>o al correo electr\u00f3nico habilitado a tal efecto,<strong> <\/strong><a href=\"mailto:secretaria@elitetaximadrid.org\"><strong>secretaria@elitetaximadrid.org<\/strong><\/a>.<\/p>\n\n\n\n<p>Modelos, formularios y m\u00e1s informaci\u00f3n disponible sobre sus derechos en la p\u00e1gina web de la autoridad de control nacional, Agencia Espa\u00f1ola de Protecci\u00f3n de Datos, en adelante, AEPD, <a href=\"http:\/\/www.aepd.es\">www.aepd.es<\/a><\/p>\n\n\n\n<p><strong>\u00bfPuedo retirar el consentimiento?<\/strong><\/p>\n\n\n\n<p>Usted tiene la posibilidad y el derecho a retirar el consentimiento para cualquier finalidad espec\u00edfica otorgada en su momento, sin que ello afecte a la licitud del tratamiento basado en el consentimiento previo a su retirada.<\/p>\n\n\n\n<p><strong>\u00bfD\u00f3nde puedo reclamar en caso de que considere que no se tratan mis datos correctamente?<\/strong><\/p>\n\n\n\n<p>Si alg\u00fan interesado considera que sus datos no son tratados correctamente por <strong>ASOCIACI\u00d3N \u00c9LITE TAXI MADRID <\/strong>o que las solicitudes de ejercicio de derechos no han sido atendidas de forma satisfactoria, puede interponer una reclamaci\u00f3n ante a la autoridad de protecci\u00f3n de datos que corresponda, siendo la AEPD la indicada en el territorio nacional, <a href=\"http:\/\/www.aepd.es\">www.aepd.es<\/a>.<\/p>\n\n\n\n<p><strong>Seguridad y actualizaci\u00f3n de sus datos personales<\/strong><\/p>\n\n\n\n<p>Con el objetivo de salvaguardar la seguridad de sus datos personales, le informamos que ha adoptado todas las medidas de \u00edndole t\u00e9cnica y organizativa necesarias para garantizar la seguridad de los datos personales suministrados. Todo ello para evitar su alteraci\u00f3n, p\u00e9rdida, y\/o tratamientos o accesos no autorizados, tal como exige la normativa, si bien la seguridad absoluta no existe.<\/p>\n\n\n\n<p>Es importante que, para que podamos mantener sus datos personales actualizados, nos informe siempre que se produzca una modificaci\u00f3n de los mismos.<\/p>\n\n\n\n<p><strong>Confidencialidad<\/strong><\/p>\n\n\n\n<p><strong>ASOCIACI\u00d3N \u00c9LITE TAXI MADRID <\/strong>le informa que sus datos ser\u00e1n tratados con el m\u00e1ximo celo y confidencialidad por todo el personal que intervenga en cualquiera de las fases del tratamiento. No cederemos ni comunicaremos a ning\u00fan tercero sus datos, excepto en los casos legalmente previstos, o salvo que el interesado nos hubiera autorizado expresamente.<\/p>\n","protected":false},"excerpt":{"rendered":"<p>La Pol\u00edtica de Privacidad es un texto legal que debe implantarse en aquellas p\u00e1ginas web que recaben datos de car\u00e1cter personal a trav\u00e9s de mecanismos tales como formularios de contacto, formularios de registro, formulario a rellenar con los datos bancarios antes de realizar una compra online, newsletter, etc. Este texto [&hellip;]<\/p>\n","protected":false},"author":2,"featured_media":0,"parent":0,"menu_order":0,"comment_status":"closed","ping_status":"closed","template":"","meta":{"_themeisle_gutenberg_block_has_review":false,"footnotes":""},"class_list":["post-575","page","type-page","status-publish","hentry"],"_links":{"self":[{"href":"https:\/\/elitetaximadrid.org\/es\/wp-json\/wp\/v2\/pages\/575","targetHints":{"allow":["GET"]}}],"collection":[{"href":"https:\/\/elitetaximadrid.org\/es\/wp-json\/wp\/v2\/pages"}],"about":[{"href":"https:\/\/elitetaximadrid.org\/es\/wp-json\/wp\/v2\/types\/page"}],"author":[{"embeddable":true,"href":"https:\/\/elitetaximadrid.org\/es\/wp-json\/wp\/v2\/users\/2"}],"replies":[{"embeddable":true,"href":"https:\/\/elitetaximadrid.org\/es\/wp-json\/wp\/v2\/comments?post=575"}],"version-history":[{"count":0,"href":"https:\/\/elitetaximadrid.org\/es\/wp-json\/wp\/v2\/pages\/575\/revisions"}],"wp:attachment":[{"href":"https:\/\/elitetaximadrid.org\/es\/wp-json\/wp\/v2\/media?parent=575"}],"curies":[{"name":"wp","href":"https:\/\/api.w.org\/{rel}","templated":true}]}}