{"id":686,"date":"2021-07-22T08:14:15","date_gmt":"2021-07-22T08:14:15","guid":{"rendered":"https:\/\/elitetaximadrid.org\/es\/?page_id=686"},"modified":"2025-06-03T19:01:10","modified_gmt":"2025-06-03T19:01:10","slug":"hazte-socio","status":"publish","type":"page","link":"https:\/\/elitetaximadrid.org\/es\/hazte-socio\/","title":{"rendered":"Hazte socio"},"content":{"rendered":"<p><a href=\"https:\/\/form.jotform.com\/251456211504043\" rel=\"no-follow\"><img data-opt-id=1409161089  fetchpriority=\"high\" decoding=\"async\" src=\"https:\/\/www.jotform.com\/uploads\/Taxi_Madrid_\/form_files\/251456211504043_1748975974_qrcode_muse.png\" width=\"100%\" style=\"max-width: 150px;\" alt=\"QR Code for Jotform form\" \/>\u00a0<\/a><\/p>\n<p>Escanea el QR y rellena la solicitud para hacerte socio.<\/p>\n<p>Est\u00e1s harto de sufrir a diario las injusticias que sufre nuestro sector, en beneficio de las VTC.<\/p>\n<p>Est\u00e1s harto de ver la impunidad con la que act\u00faan, sin que ninguna administraci\u00f3n ponga freno a esto que quieren llamar&#8230; \u00abcompetencia\u00bb<\/p>\n<p>\u00c9lite Taxi Madrid lleva desde 2014 demostrando que es una Asociaci\u00f3n con un objetivo claro. Recuperar la dignidad de nuestro trabajo plantando cara a cualquier administraci\u00f3n que intente menospreciar y denigrar el sector del taxi.<\/p>\n<p>\u00bfQuieres participar con nosotros para evitar que nos hagan desaparecer<\/p>\n<ul class=\"blocks-gallery-grid\">\n<li class=\"blocks-gallery-item\"><img data-opt-id=979443236  fetchpriority=\"high\" decoding=\"async\" src=\"https:\/\/mlkrcyb4jtti.i.optimole.com\/w:300\/h:168\/q:mauto\/ig:avif\/https:\/\/elitetaximadrid.org\/es\/wp-content\/uploads\/2021\/07\/cropped-cabecera.jpg\" alt=\"\" class=\"wp-image-643 aligncenter\" width=\"377\" height=\"211\" srcset=\"https:\/\/mlkrcyb4jtti.i.optimole.com\/w:300\/h:168\/q:mauto\/ig:avif\/https:\/\/elitetaximadrid.org\/es\/wp-content\/uploads\/2021\/07\/cropped-cabecera.jpg 300w, https:\/\/mlkrcyb4jtti.i.optimole.com\/w:1024\/h:573\/q:mauto\/ig:avif\/https:\/\/elitetaximadrid.org\/es\/wp-content\/uploads\/2021\/07\/cropped-cabecera.jpg 1024w, https:\/\/mlkrcyb4jtti.i.optimole.com\/w:768\/h:430\/q:mauto\/ig:avif\/https:\/\/elitetaximadrid.org\/es\/wp-content\/uploads\/2021\/07\/cropped-cabecera.jpg 768w, https:\/\/mlkrcyb4jtti.i.optimole.com\/w:1230\/h:688\/q:mauto\/ig:avif\/https:\/\/elitetaximadrid.org\/es\/wp-content\/uploads\/2021\/07\/cropped-cabecera.jpg 1230w\" sizes=\"(max-width: 377px) 100vw, 377px\" \/><\/li>\n<\/ul>\n<p>En \u00c9lite Taxi Madrid encontrar\u00e1s las herramientas necesarias para poder acabar con esta situaci\u00f3n.<\/p>\n<p>\u00bfHas estado alguna vez en peligro? Disponemos de una serie de canales de Zello (aplicaci\u00f3n \u00abwalkie-talkie\u00bb) donde podr\u00e1s aumentar tu seguridad, ya que trabajamos en contacto y siempre sabemos unos de otros.<\/p>\n<p style=\"text-align: center;\"><span style=\"color: #fe5860;\" class=\"has-inline-color\"><strong>VEN A NUESTRO LADO<\/strong><\/span><\/p>\n<p style=\"text-align: center;\"><strong>\u00a1\u00a1<span style=\"color: #f4424b;\" class=\"has-inline-color\">PELEA POR TU FUTURO<\/span>!!<\/strong><\/p>\n<p>Nuestra cuota (5\u20ac al mes) es como tomarte un par de caf\u00e9s.<\/p>\n<p><iframe style=\"width: 100%; max-width: 750px;\" height=\"539px\" src=\"https:\/\/oembed.jotform.com\/251456211504043\" sandbox=\"allow-forms allow-scripts allow-same-origin allow-top-navigation allow-popups allow-popups-to-escape-sandbox\"><\/iframe><\/p>\n","protected":false},"excerpt":{"rendered":"<p>\u00a0 Escanea el QR y rellena la solicitud para hacerte socio. Est\u00e1s harto de sufrir a diario las injusticias que sufre nuestro sector, en beneficio de las VTC. Est\u00e1s harto de ver la impunidad con la que act\u00faan, sin que ninguna administraci\u00f3n ponga freno a esto que quieren llamar&#8230; \u00abcompetencia\u00bb [&hellip;]<\/p>\n","protected":false},"author":2,"featured_media":270,"parent":0,"menu_order":0,"comment_status":"closed","ping_status":"closed","template":"","meta":{"_themeisle_gutenberg_block_has_review":false,"footnotes":""},"class_list":["post-686","page","type-page","status-publish","has-post-thumbnail","hentry"],"_links":{"self":[{"href":"https:\/\/elitetaximadrid.org\/es\/wp-json\/wp\/v2\/pages\/686","targetHints":{"allow":["GET"]}}],"collection":[{"href":"https:\/\/elitetaximadrid.org\/es\/wp-json\/wp\/v2\/pages"}],"about":[{"href":"https:\/\/elitetaximadrid.org\/es\/wp-json\/wp\/v2\/types\/page"}],"author":[{"embeddable":true,"href":"https:\/\/elitetaximadrid.org\/es\/wp-json\/wp\/v2\/users\/2"}],"replies":[{"embeddable":true,"href":"https:\/\/elitetaximadrid.org\/es\/wp-json\/wp\/v2\/comments?post=686"}],"version-history":[{"count":0,"href":"https:\/\/elitetaximadrid.org\/es\/wp-json\/wp\/v2\/pages\/686\/revisions"}],"wp:featuredmedia":[{"embeddable":true,"href":"https:\/\/elitetaximadrid.org\/es\/wp-json\/wp\/v2\/media\/270"}],"wp:attachment":[{"href":"https:\/\/elitetaximadrid.org\/es\/wp-json\/wp\/v2\/media?parent=686"}],"curies":[{"name":"wp","href":"https:\/\/api.w.org\/{rel}","templated":true}]}}